{"id":95,"date":"2021-04-07T09:42:58","date_gmt":"2021-04-07T13:42:58","guid":{"rendered":"https:\/\/beqtechnology.com\/?page_id=95"},"modified":"2022-01-22T12:00:10","modified_gmt":"2022-01-22T17:00:10","slug":"installations-condos-and-apartments","status":"publish","type":"page","link":"https:\/\/archives.beqtechnology.com\/en\/installations-condos-and-apartments\/","title":{"rendered":"Installation for condos and apartments"},"content":{"rendered":"","protected":false},"excerpt":{"rendered":"","protected":false},"author":1,"featured_media":0,"parent":0,"menu_order":0,"comment_status":"closed","ping_status":"closed","template":"","meta":{"_acf_changed":false,"content-type":"","footnotes":""},"class_list":["post-95","page","type-page","status-publish","hentry"],"acf":[],"yoast_head":"<!-- This site is optimized with the Yoast SEO plugin v26.9 - https:\/\/yoast.com\/product\/yoast-seo-wordpress\/ -->\n<title>BEQ Technology<\/title>\n<meta name=\"description\" content=\"D\u00e9couvrez nos solutions pour l&#039;installation d&#039;une borne de recharge en condo ou en logement. Soyez branch\u00e9 gr\u00e2ce \u00e0 BEQ Technology!\" \/>\n<meta name=\"robots\" content=\"noindex, follow, max-snippet:-1, max-image-preview:large, max-video-preview:-1\" \/>\n<meta property=\"og:locale\" content=\"en_US\" \/>\n<meta property=\"og:type\" content=\"article\" \/>\n<meta property=\"og:title\" content=\"Installation borne de recharge en condo ou logement | BEQ Technology\" \/>\n<meta property=\"og:description\" content=\"D\u00e9couvrez nos solutions pour l&#039;installation d&#039;une borne de recharge en condo ou en logement. Soyez branch\u00e9 gr\u00e2ce \u00e0 BEQ Technology!\" \/>\n<meta property=\"og:url\" content=\"https:\/\/archives.beqtechnology.com\/en\/installations-condos-and-apartments\/\" \/>\n<meta property=\"og:site_name\" content=\"BEQ Technology\" \/>\n<meta property=\"article:modified_time\" content=\"2022-01-22T17:00:10+00:00\" \/>\n<meta name=\"twitter:card\" content=\"summary_large_image\" \/>\n<script type=\"application\/ld+json\" class=\"yoast-schema-graph\">{\"@context\":\"https:\/\/schema.org\",\"@graph\":[{\"@type\":\"WebPage\",\"@id\":\"https:\/\/archives.beqtechnology.com\/installations-condos-et-logements\/\",\"url\":\"https:\/\/archives.beqtechnology.com\/installations-condos-et-logements\/\",\"name\":\"Installation borne de recharge en condo ou logement | BEQ Technology\",\"isPartOf\":{\"@id\":\"https:\/\/archives.beqtechnology.com\/#website\"},\"datePublished\":\"2021-04-07T13:42:58+00:00\",\"dateModified\":\"2022-01-22T17:00:10+00:00\",\"description\":\"D\u00e9couvrez nos solutions pour l'installation d'une borne de recharge en condo ou en logement. Soyez branch\u00e9 gr\u00e2ce \u00e0 BEQ Technology!\",\"breadcrumb\":{\"@id\":\"https:\/\/archives.beqtechnology.com\/installations-condos-et-logements\/#breadcrumb\"},\"inLanguage\":\"en-CA\",\"potentialAction\":[{\"@type\":\"ReadAction\",\"target\":[\"https:\/\/archives.beqtechnology.com\/installations-condos-et-logements\/\"]}]},{\"@type\":\"BreadcrumbList\",\"@id\":\"https:\/\/archives.beqtechnology.com\/installations-condos-et-logements\/#breadcrumb\",\"itemListElement\":[{\"@type\":\"ListItem\",\"position\":1,\"name\":\"Accueil\",\"item\":\"https:\/\/archives.beqtechnology.com\/\"},{\"@type\":\"ListItem\",\"position\":2,\"name\":\"Installation en condos et logements\"}]},{\"@type\":\"WebSite\",\"@id\":\"https:\/\/archives.beqtechnology.com\/#website\",\"url\":\"https:\/\/archives.beqtechnology.com\/\",\"name\":\"BEQ Technology\",\"description\":\"\",\"publisher\":{\"@id\":\"https:\/\/archives.beqtechnology.com\/#organization\"},\"potentialAction\":[{\"@type\":\"SearchAction\",\"target\":{\"@type\":\"EntryPoint\",\"urlTemplate\":\"https:\/\/archives.beqtechnology.com\/?s={search_term_string}\"},\"query-input\":{\"@type\":\"PropertyValueSpecification\",\"valueRequired\":true,\"valueName\":\"search_term_string\"}}],\"inLanguage\":\"en-CA\"},{\"@type\":\"Organization\",\"@id\":\"https:\/\/archives.beqtechnology.com\/#organization\",\"name\":\"BEQ Technology\",\"url\":\"https:\/\/archives.beqtechnology.com\/\",\"logo\":{\"@type\":\"ImageObject\",\"inLanguage\":\"en-CA\",\"@id\":\"https:\/\/archives.beqtechnology.com\/#\/schema\/logo\/image\/\",\"url\":\"https:\/\/archives.beqtechnology.com\/wp-content\/uploads\/2022\/03\/beq-technology-logotype.png\",\"contentUrl\":\"https:\/\/archives.beqtechnology.com\/wp-content\/uploads\/2022\/03\/beq-technology-logotype.png\",\"width\":300,\"height\":127,\"caption\":\"BEQ Technology\"},\"image\":{\"@id\":\"https:\/\/archives.beqtechnology.com\/#\/schema\/logo\/image\/\"}}]}<\/script>\n<!-- \/ Yoast SEO plugin. -->","yoast_head_json":{"title":"BEQ Technology","description":"D\u00e9couvrez nos solutions pour l'installation d'une borne de recharge en condo ou en logement. Soyez branch\u00e9 gr\u00e2ce \u00e0 BEQ Technology!","robots":{"index":"noindex","follow":"follow","max-snippet":"max-snippet:-1","max-image-preview":"max-image-preview:large","max-video-preview":"max-video-preview:-1"},"og_locale":"en_US","og_type":"article","og_title":"Installation borne de recharge en condo ou logement | BEQ Technology","og_description":"D\u00e9couvrez nos solutions pour l'installation d'une borne de recharge en condo ou en logement. Soyez branch\u00e9 gr\u00e2ce \u00e0 BEQ Technology!","og_url":"https:\/\/archives.beqtechnology.com\/en\/installations-condos-and-apartments\/","og_site_name":"BEQ Technology","article_modified_time":"2022-01-22T17:00:10+00:00","twitter_card":"summary_large_image","schema":{"@context":"https:\/\/schema.org","@graph":[{"@type":"WebPage","@id":"https:\/\/archives.beqtechnology.com\/installations-condos-et-logements\/","url":"https:\/\/archives.beqtechnology.com\/installations-condos-et-logements\/","name":"Installation borne de recharge en condo ou logement | BEQ Technology","isPartOf":{"@id":"https:\/\/archives.beqtechnology.com\/#website"},"datePublished":"2021-04-07T13:42:58+00:00","dateModified":"2022-01-22T17:00:10+00:00","description":"D\u00e9couvrez nos solutions pour l'installation d'une borne de recharge en condo ou en logement. Soyez branch\u00e9 gr\u00e2ce \u00e0 BEQ Technology!","breadcrumb":{"@id":"https:\/\/archives.beqtechnology.com\/installations-condos-et-logements\/#breadcrumb"},"inLanguage":"en-CA","potentialAction":[{"@type":"ReadAction","target":["https:\/\/archives.beqtechnology.com\/installations-condos-et-logements\/"]}]},{"@type":"BreadcrumbList","@id":"https:\/\/archives.beqtechnology.com\/installations-condos-et-logements\/#breadcrumb","itemListElement":[{"@type":"ListItem","position":1,"name":"Accueil","item":"https:\/\/archives.beqtechnology.com\/"},{"@type":"ListItem","position":2,"name":"Installation en condos et logements"}]},{"@type":"WebSite","@id":"https:\/\/archives.beqtechnology.com\/#website","url":"https:\/\/archives.beqtechnology.com\/","name":"BEQ Technology","description":"","publisher":{"@id":"https:\/\/archives.beqtechnology.com\/#organization"},"potentialAction":[{"@type":"SearchAction","target":{"@type":"EntryPoint","urlTemplate":"https:\/\/archives.beqtechnology.com\/?s={search_term_string}"},"query-input":{"@type":"PropertyValueSpecification","valueRequired":true,"valueName":"search_term_string"}}],"inLanguage":"en-CA"},{"@type":"Organization","@id":"https:\/\/archives.beqtechnology.com\/#organization","name":"BEQ Technology","url":"https:\/\/archives.beqtechnology.com\/","logo":{"@type":"ImageObject","inLanguage":"en-CA","@id":"https:\/\/archives.beqtechnology.com\/#\/schema\/logo\/image\/","url":"https:\/\/archives.beqtechnology.com\/wp-content\/uploads\/2022\/03\/beq-technology-logotype.png","contentUrl":"https:\/\/archives.beqtechnology.com\/wp-content\/uploads\/2022\/03\/beq-technology-logotype.png","width":300,"height":127,"caption":"BEQ Technology"},"image":{"@id":"https:\/\/archives.beqtechnology.com\/#\/schema\/logo\/image\/"}}]}},"_links":{"self":[{"href":"https:\/\/archives.beqtechnology.com\/en\/wp-json\/wp\/v2\/pages\/95","targetHints":{"allow":["GET"]}}],"collection":[{"href":"https:\/\/archives.beqtechnology.com\/en\/wp-json\/wp\/v2\/pages"}],"about":[{"href":"https:\/\/archives.beqtechnology.com\/en\/wp-json\/wp\/v2\/types\/page"}],"author":[{"embeddable":true,"href":"https:\/\/archives.beqtechnology.com\/en\/wp-json\/wp\/v2\/users\/1"}],"replies":[{"embeddable":true,"href":"https:\/\/archives.beqtechnology.com\/en\/wp-json\/wp\/v2\/comments?post=95"}],"version-history":[{"count":2,"href":"https:\/\/archives.beqtechnology.com\/en\/wp-json\/wp\/v2\/pages\/95\/revisions"}],"predecessor-version":[{"id":21527,"href":"https:\/\/archives.beqtechnology.com\/en\/wp-json\/wp\/v2\/pages\/95\/revisions\/21527"}],"wp:attachment":[{"href":"https:\/\/archives.beqtechnology.com\/en\/wp-json\/wp\/v2\/media?parent=95"}],"curies":[{"name":"wp","href":"https:\/\/api.w.org\/{rel}","templated":true}]}}